{"id":2,"date":"2022-08-03T12:05:36","date_gmt":"2022-08-03T12:05:36","guid":{"rendered":"https:\/\/www.cercap.mx\/blog\/?page_id=2"},"modified":"2025-04-25T05:08:22","modified_gmt":"2025-04-25T05:08:22","slug":"blog","status":"publish","type":"page","link":"https:\/\/www.cercap.mx\/blog\/","title":{"rendered":"Blog"},"content":{"rendered":"<div id='av_section_1'  class='avia-section av-5so0-d7dca363bccf47741af65cd1df7e3779 main_color avia-section-large avia-no-border-styling  avia-builder-el-0  avia-builder-el-no-sibling  avia-bg-style-scroll container_wrap fullsize'  ><div class='container av-section-cont-open' ><main  role=\"main\" itemprop=\"mainContentOfPage\"  class='template-page content  av-content-full alpha units'><div class='post-entry post-entry-type-page post-entry-2'><div class='entry-content-wrapper clearfix'>\n<div class='flex_column av-3opk-03430e6c06564db25f724df9c2a86abe av_one_full  avia-builder-el-1  avia-builder-el-no-sibling  first flex_column_div '     ><p>\n<style type=\"text\/css\" data-created_by=\"avia_inline_auto\" id=\"style-css-av-l6nz5q12-e19549b1379ffe560a9e62f6f6291c44\">\n#top .av-special-heading.av-l6nz5q12-e19549b1379ffe560a9e62f6f6291c44{\npadding-bottom:10px;\n}\nbody .av-special-heading.av-l6nz5q12-e19549b1379ffe560a9e62f6f6291c44 .av-special-heading-tag .heading-char{\nfont-size:25px;\n}\n.av-special-heading.av-l6nz5q12-e19549b1379ffe560a9e62f6f6291c44 .av-subheading{\nfont-size:15px;\n}\n<\/style>\n<div  class='av-special-heading av-l6nz5q12-e19549b1379ffe560a9e62f6f6291c44 av-special-heading-h1 blockquote modern-quote modern-centered  avia-builder-el-2  el_before_av_blog  avia-builder-el-first '><h1 class='av-special-heading-tag'  itemprop=\"headline\"  >Blog<\/h1><div class=\"special-heading-border\"><div class=\"special-heading-inner-border\"><\/div><\/div><\/div><br \/>\n<div  id=\"post-grid\"  data-slideshow-options=\"{&quot;animation&quot;:&quot;fade&quot;,&quot;autoplay&quot;:false,&quot;loop_autoplay&quot;:&quot;once&quot;,&quot;interval&quot;:5,&quot;loop_manual&quot;:&quot;manual-endless&quot;,&quot;autoplay_stopper&quot;:false,&quot;noNavigation&quot;:false,&quot;show_slide_delay&quot;:90}\" class='avia-content-slider avia-content-grid-active avia-content-slider1 avia-content-slider-odd  avia-builder-el-3  el_after_av_heading  avia-builder-el-last  av-slideshow-ui av-control-default   av-no-slider-navigation av-slideshow-manual av-loop-once av-loop-manual-endless '  itemscope=\"itemscope\" itemtype=\"https:\/\/schema.org\/Blog\" ><div class=\"avia-content-slider-inner\"><div class=\"slide-entry-wrap\"><article class='slide-entry flex_column  post-entry post-entry-83 slide-entry-overview slide-loop-1 slide-parity-odd  post-entry-last  av_one_third first real-thumbnail post-format-standard'  itemscope=\"itemscope\" itemtype=\"https:\/\/schema.org\/CreativeWork\" ><a href='https:\/\/www.cercap.mx\/blog\/salud\/rehabilitacion-cardiaca-en-mexico-avances-desafios-y-el-compromiso-de-cercap\/' data-rel='slide-1' class='slide-image' title='Rehabilitaci\u00f3n Cardiaca en M\u00e9xico: avances, desaf\u00edos y el compromiso de CERCAP'><img decoding=\"async\" width=\"495\" height=\"400\" src=\"https:\/\/www.cercap.mx\/blog\/wp-content\/uploads\/20230217_115826-495x400.jpg\" class=\"wp-image-84 avia-img-lazy-loading-not-84 attachment-portfolio size-portfolio wp-post-image\" alt=\"rehabilitacion\" \/><\/a><div class=\"slide-content\"><header class=\"entry-content-header\"><h3 class='slide-entry-title entry-title '  itemprop=\"headline\" ><a href='https:\/\/www.cercap.mx\/blog\/salud\/rehabilitacion-cardiaca-en-mexico-avances-desafios-y-el-compromiso-de-cercap\/' title='Rehabilitaci\u00f3n Cardiaca en M\u00e9xico: avances, desaf\u00edos y el compromiso de CERCAP'>Rehabilitaci\u00f3n Cardiaca en M\u00e9xico: avances, desaf\u00edos y el compromiso de CERCAP<\/a><\/h3><span class=\"av-vertical-delimiter\"><\/span><\/header><div class=\"slide-meta\"><time class='slide-meta-time updated'  itemprop=\"datePublished\" datetime=\"2025-04-25T05:03:20+00:00\" >abril 25, 2025<\/time><\/div><div class='slide-entry-excerpt entry-content'  itemprop=\"text\" ><div class=\"read-more-link\"><a href=\"https:\/\/www.cercap.mx\/blog\/salud\/rehabilitacion-cardiaca-en-mexico-avances-desafios-y-el-compromiso-de-cercap\/\" class=\"more-link\">Leer m\u00e1s<span class=\"more-link-arrow\"><\/span><\/a><\/div><\/div><\/div><footer class=\"entry-footer\"><\/footer><span class='hidden'>\n\t\t\t\t<span class='av-structured-data'  itemprop=\"image\" itemscope=\"itemscope\" itemtype=\"https:\/\/schema.org\/ImageObject\" >\n\t\t\t\t\t\t<span itemprop='url'>https:\/\/www.cercap.mx\/blog\/wp-content\/uploads\/20230217_115826.jpg<\/span>\n\t\t\t\t\t\t<span itemprop='height'>675<\/span>\n\t\t\t\t\t\t<span itemprop='width'>900<\/span>\n\t\t\t\t<\/span>\n\t\t\t\t<span class='av-structured-data'  itemprop=\"publisher\" itemtype=\"https:\/\/schema.org\/Organization\" itemscope=\"itemscope\" >\n\t\t\t\t\t\t<span itemprop='name'>admin<\/span>\n\t\t\t\t\t\t<span itemprop='logo' itemscope itemtype='https:\/\/schema.org\/ImageObject'>\n\t\t\t\t\t\t\t<span itemprop='url'>https:\/\/www.cercap.mx\/blog\/wp-content\/uploads\/logo-blog-cercapmx.png<\/span>\n\t\t\t\t\t\t <\/span>\n\t\t\t\t<\/span><span class='av-structured-data'  itemprop=\"author\" itemscope=\"itemscope\" itemtype=\"https:\/\/schema.org\/Person\" ><span itemprop='name'>admin<\/span><\/span><span class='av-structured-data'  itemprop=\"datePublished\" datetime=\"2022-08-03T12:05:36+00:00\" >2025-04-25 05:03:20<\/span><span class='av-structured-data'  itemprop=\"dateModified\" itemtype=\"https:\/\/schema.org\/dateModified\" >2025-04-25 05:03:20<\/span><span class='av-structured-data'  itemprop=\"mainEntityOfPage\" itemtype=\"https:\/\/schema.org\/mainEntityOfPage\" ><span itemprop='name'>Rehabilitaci\u00f3n Cardiaca en M\u00e9xico: avances, desaf\u00edos y el compromiso de CERCAP<\/span><\/span><\/span><\/article><\/div><\/div><\/div><\/p><\/div>\n","protected":false},"excerpt":{"rendered":"","protected":false},"author":1,"featured_media":0,"parent":0,"menu_order":0,"comment_status":"closed","ping_status":"closed","template":"","meta":{"footnotes":""},"class_list":["post-2","page","type-page","status-publish","hentry"],"_links":{"self":[{"href":"https:\/\/www.cercap.mx\/blog\/wp-json\/wp\/v2\/pages\/2","targetHints":{"allow":["GET"]}}],"collection":[{"href":"https:\/\/www.cercap.mx\/blog\/wp-json\/wp\/v2\/pages"}],"about":[{"href":"https:\/\/www.cercap.mx\/blog\/wp-json\/wp\/v2\/types\/page"}],"author":[{"embeddable":true,"href":"https:\/\/www.cercap.mx\/blog\/wp-json\/wp\/v2\/users\/1"}],"replies":[{"embeddable":true,"href":"https:\/\/www.cercap.mx\/blog\/wp-json\/wp\/v2\/comments?post=2"}],"version-history":[{"count":7,"href":"https:\/\/www.cercap.mx\/blog\/wp-json\/wp\/v2\/pages\/2\/revisions"}],"predecessor-version":[{"id":93,"href":"https:\/\/www.cercap.mx\/blog\/wp-json\/wp\/v2\/pages\/2\/revisions\/93"}],"wp:attachment":[{"href":"https:\/\/www.cercap.mx\/blog\/wp-json\/wp\/v2\/media?parent=2"}],"curies":[{"name":"wp","href":"https:\/\/api.w.org\/{rel}","templated":true}]}}